{"id":540,"date":"2023-07-14T23:14:43","date_gmt":"2023-07-14T23:14:43","guid":{"rendered":"https:\/\/testv32.demowebsitelinks.com\/ayamediaWP\/?post_type=product&#038;p=540"},"modified":"2023-08-07T22:15:21","modified_gmt":"2023-08-07T22:15:21","slug":"adulis-2","status":"publish","type":"product","link":"https:\/\/testv32.demowebsitelinks.com\/ayamediaWP\/product\/adulis-2\/","title":{"rendered":"Adulis 2"},"content":{"rendered":"<ul>\n<li>Weight\n<div>N\/A<\/div>\n<\/li>\n<li>Book-author\n<div>Alula Teklu<\/div>\n<\/li>\n<li>Language\n<div> Ambaric, Tigrigna, English<\/div>\n<\/li>\n<li>Pages\n<div>25<\/div>\n<\/li>\n<li>Publisher\n<div>Ayay Books<\/div>\n<\/li>\n<li>Year Published\n<div>2021<\/div>\n<\/li>\n<li>Book Format\n<div>Digital, Print<\/div>\n<\/li>\n<\/ul>\n","protected":false},"excerpt":{"rendered":"<p>Tsega\u2019s curiosity has been triggered by something she heard from the tour guide, While visiting the Axum obelisks. This path with unknown destination is now being explored by Tsega and her friends. Where will the path take them?<\/p>\n<p>\u201cUne route non emprunt\u00e9e\u201d est \u00e0 la base de cette histoire qui suit la vie de 3 filles curieuses qui d\u00e9cident de s\u2019aventurer dans un tunnel communautaire rarement utilis\u00e9 pour satisfaire leur curiosit\u00e9 sur o\u00f9 m\u00e8ne le chemin. Gr\u00e2ce \u00e0 ce voyage, ils sont r\u00e9compens\u00e9s par la d\u00e9couverte. D\u00e9couvrez ce qui arrive \u00e0 Tsega et ses amis.<\/p>\n","protected":false},"author":1,"featured_media":820,"comment_status":"open","ping_status":"closed","template":"","meta":{"_bbp_topic_count":0,"_bbp_reply_count":0,"_bbp_total_topic_count":0,"_bbp_total_reply_count":0,"_bbp_voice_count":0,"_bbp_anonymous_reply_count":0,"_bbp_topic_count_hidden":0,"_bbp_reply_count_hidden":0,"_bbp_forum_subforum_count":0},"product_cat":[33,24,26,34,44,32],"product_tag":[],"class_list":["post-540","product","type-product","status-publish","has-post-thumbnail","hentry","product_cat-amharic","product_cat-family","product_cat-history","product_cat-oromifa","product_cat-specific","product_cat-tigrigna"],"_links":{"self":[{"href":"https:\/\/testv32.demowebsitelinks.com\/ayamediaWP\/wp-json\/wp\/v2\/product\/540","targetHints":{"allow":["GET"]}}],"collection":[{"href":"https:\/\/testv32.demowebsitelinks.com\/ayamediaWP\/wp-json\/wp\/v2\/product"}],"about":[{"href":"https:\/\/testv32.demowebsitelinks.com\/ayamediaWP\/wp-json\/wp\/v2\/types\/product"}],"author":[{"embeddable":true,"href":"https:\/\/testv32.demowebsitelinks.com\/ayamediaWP\/wp-json\/wp\/v2\/users\/1"}],"replies":[{"embeddable":true,"href":"https:\/\/testv32.demowebsitelinks.com\/ayamediaWP\/wp-json\/wp\/v2\/comments?post=540"}],"wp:featuredmedia":[{"embeddable":true,"href":"https:\/\/testv32.demowebsitelinks.com\/ayamediaWP\/wp-json\/wp\/v2\/media\/820"}],"wp:attachment":[{"href":"https:\/\/testv32.demowebsitelinks.com\/ayamediaWP\/wp-json\/wp\/v2\/media?parent=540"}],"wp:term":[{"taxonomy":"product_cat","embeddable":true,"href":"https:\/\/testv32.demowebsitelinks.com\/ayamediaWP\/wp-json\/wp\/v2\/product_cat?post=540"},{"taxonomy":"product_tag","embeddable":true,"href":"https:\/\/testv32.demowebsitelinks.com\/ayamediaWP\/wp-json\/wp\/v2\/product_tag?post=540"}],"curies":[{"name":"wp","href":"https:\/\/api.w.org\/{rel}","templated":true}]}}